{"id":81,"date":"2024-11-19T14:39:53","date_gmt":"2024-11-19T14:39:53","guid":{"rendered":"https:\/\/www.sthuolto.fi\/?page_id=81"},"modified":"2025-01-14T13:41:30","modified_gmt":"2025-01-14T13:41:30","slug":"referenssit","status":"publish","type":"page","link":"https:\/\/www.sthuolto.fi\/?page_id=81","title":{"rendered":"Referenssit"},"content":{"rendered":"\n<p>Esimerkkej\u00e4 suoritetuista t\u00f6ist\u00e4<\/p>\n\n\n\n<figure class=\"wp-block-gallery has-nested-images columns-default is-cropped wp-block-gallery-1 is-layout-flex wp-block-gallery-is-layout-flex\">\n<figure data-wp-context=\"{&quot;imageId&quot;:&quot;69fe175d34d80&quot;}\" data-wp-interactive=\"core\/image\" data-wp-key=\"69fe175d34d80\" class=\"wp-block-image size-large is-style-default wp-lightbox-container\"><img loading=\"lazy\" decoding=\"async\" width=\"1024\" height=\"768\" data-wp-class--hide=\"state.isContentHidden\" data-wp-class--show=\"state.isContentVisible\" data-wp-init=\"callbacks.setButtonStyles\" data-wp-on--click=\"actions.showLightbox\" data-wp-on--load=\"callbacks.setButtonStyles\" data-wp-on-window--resize=\"callbacks.setButtonStyles\" data-id=\"139\" src=\"https:\/\/www.sthuolto.fi\/wp-content\/uploads\/2025\/01\/20230828_101821-1024x768.jpg\" alt=\"\" class=\"wp-image-139\" srcset=\"https:\/\/www.sthuolto.fi\/wp-content\/uploads\/2025\/01\/20230828_101821-1024x768.jpg 1024w, https:\/\/www.sthuolto.fi\/wp-content\/uploads\/2025\/01\/20230828_101821-300x225.jpg 300w, https:\/\/www.sthuolto.fi\/wp-content\/uploads\/2025\/01\/20230828_101821-768x576.jpg 768w, https:\/\/www.sthuolto.fi\/wp-content\/uploads\/2025\/01\/20230828_101821-1536x1152.jpg 1536w, https:\/\/www.sthuolto.fi\/wp-content\/uploads\/2025\/01\/20230828_101821-2048x1536.jpg 2048w\" sizes=\"auto, (max-width: 1024px) 100vw, 1024px\" \/><button\n\t\t\tclass=\"lightbox-trigger\"\n\t\t\ttype=\"button\"\n\t\t\taria-haspopup=\"dialog\"\n\t\t\taria-label=\"Suurenna\"\n\t\t\tdata-wp-init=\"callbacks.initTriggerButton\"\n\t\t\tdata-wp-on--click=\"actions.showLightbox\"\n\t\t\tdata-wp-style--right=\"state.imageButtonRight\"\n\t\t\tdata-wp-style--top=\"state.imageButtonTop\"\n\t\t>\n\t\t\t<svg xmlns=\"http:\/\/www.w3.org\/2000\/svg\" width=\"12\" height=\"12\" fill=\"none\" viewBox=\"0 0 12 12\">\n\t\t\t\t<path fill=\"#fff\" d=\"M2 0a2 2 0 0 0-2 2v2h1.5V2a.5.5 0 0 1 .5-.5h2V0H2Zm2 10.5H2a.5.5 0 0 1-.5-.5V8H0v2a2 2 0 0 0 2 2h2v-1.5ZM8 12v-1.5h2a.5.5 0 0 0 .5-.5V8H12v2a2 2 0 0 1-2 2H8Zm2-12a2 2 0 0 1 2 2v2h-1.5V2a.5.5 0 0 0-.5-.5H8V0h2Z\" \/>\n\t\t\t<\/svg>\n\t\t<\/button><\/figure>\n\n\n\n<figure data-wp-context=\"{&quot;imageId&quot;:&quot;69fe175d355d2&quot;}\" data-wp-interactive=\"core\/image\" data-wp-key=\"69fe175d355d2\" class=\"wp-block-image size-large wp-lightbox-container\"><img loading=\"lazy\" decoding=\"async\" width=\"769\" height=\"1024\" data-wp-class--hide=\"state.isContentHidden\" data-wp-class--show=\"state.isContentVisible\" data-wp-init=\"callbacks.setButtonStyles\" data-wp-on--click=\"actions.showLightbox\" data-wp-on--load=\"callbacks.setButtonStyles\" data-wp-on-window--resize=\"callbacks.setButtonStyles\" data-id=\"143\" src=\"https:\/\/www.sthuolto.fi\/wp-content\/uploads\/2025\/01\/IMG_20220427_201434-769x1024.jpg\" alt=\"\" class=\"wp-image-143\" srcset=\"https:\/\/www.sthuolto.fi\/wp-content\/uploads\/2025\/01\/IMG_20220427_201434-769x1024.jpg 769w, https:\/\/www.sthuolto.fi\/wp-content\/uploads\/2025\/01\/IMG_20220427_201434-225x300.jpg 225w, https:\/\/www.sthuolto.fi\/wp-content\/uploads\/2025\/01\/IMG_20220427_201434-768x1023.jpg 768w, https:\/\/www.sthuolto.fi\/wp-content\/uploads\/2025\/01\/IMG_20220427_201434-1153x1536.jpg 1153w, https:\/\/www.sthuolto.fi\/wp-content\/uploads\/2025\/01\/IMG_20220427_201434-1538x2048.jpg 1538w, https:\/\/www.sthuolto.fi\/wp-content\/uploads\/2025\/01\/IMG_20220427_201434-scaled.jpg 1922w\" sizes=\"auto, (max-width: 769px) 100vw, 769px\" \/><button\n\t\t\tclass=\"lightbox-trigger\"\n\t\t\ttype=\"button\"\n\t\t\taria-haspopup=\"dialog\"\n\t\t\taria-label=\"Suurenna\"\n\t\t\tdata-wp-init=\"callbacks.initTriggerButton\"\n\t\t\tdata-wp-on--click=\"actions.showLightbox\"\n\t\t\tdata-wp-style--right=\"state.imageButtonRight\"\n\t\t\tdata-wp-style--top=\"state.imageButtonTop\"\n\t\t>\n\t\t\t<svg xmlns=\"http:\/\/www.w3.org\/2000\/svg\" width=\"12\" height=\"12\" fill=\"none\" viewBox=\"0 0 12 12\">\n\t\t\t\t<path fill=\"#fff\" d=\"M2 0a2 2 0 0 0-2 2v2h1.5V2a.5.5 0 0 1 .5-.5h2V0H2Zm2 10.5H2a.5.5 0 0 1-.5-.5V8H0v2a2 2 0 0 0 2 2h2v-1.5ZM8 12v-1.5h2a.5.5 0 0 0 .5-.5V8H12v2a2 2 0 0 1-2 2H8Zm2-12a2 2 0 0 1 2 2v2h-1.5V2a.5.5 0 0 0-.5-.5H8V0h2Z\" \/>\n\t\t\t<\/svg>\n\t\t<\/button><\/figure>\n\n\n\n<figure data-wp-context=\"{&quot;imageId&quot;:&quot;69fe175d35ec7&quot;}\" data-wp-interactive=\"core\/image\" data-wp-key=\"69fe175d35ec7\" class=\"wp-block-image size-large wp-lightbox-container\"><img loading=\"lazy\" decoding=\"async\" width=\"768\" height=\"1024\" data-wp-class--hide=\"state.isContentHidden\" data-wp-class--show=\"state.isContentVisible\" data-wp-init=\"callbacks.setButtonStyles\" data-wp-on--click=\"actions.showLightbox\" data-wp-on--load=\"callbacks.setButtonStyles\" data-wp-on-window--resize=\"callbacks.setButtonStyles\" data-id=\"144\" src=\"https:\/\/www.sthuolto.fi\/wp-content\/uploads\/2025\/01\/IMG_20220427_201454-768x1024.jpg\" alt=\"\" class=\"wp-image-144\" srcset=\"https:\/\/www.sthuolto.fi\/wp-content\/uploads\/2025\/01\/IMG_20220427_201454-768x1024.jpg 768w, https:\/\/www.sthuolto.fi\/wp-content\/uploads\/2025\/01\/IMG_20220427_201454-225x300.jpg 225w, https:\/\/www.sthuolto.fi\/wp-content\/uploads\/2025\/01\/IMG_20220427_201454-1152x1536.jpg 1152w, https:\/\/www.sthuolto.fi\/wp-content\/uploads\/2025\/01\/IMG_20220427_201454-1536x2048.jpg 1536w, https:\/\/www.sthuolto.fi\/wp-content\/uploads\/2025\/01\/IMG_20220427_201454-scaled.jpg 1920w\" sizes=\"auto, (max-width: 768px) 100vw, 768px\" \/><button\n\t\t\tclass=\"lightbox-trigger\"\n\t\t\ttype=\"button\"\n\t\t\taria-haspopup=\"dialog\"\n\t\t\taria-label=\"Suurenna\"\n\t\t\tdata-wp-init=\"callbacks.initTriggerButton\"\n\t\t\tdata-wp-on--click=\"actions.showLightbox\"\n\t\t\tdata-wp-style--right=\"state.imageButtonRight\"\n\t\t\tdata-wp-style--top=\"state.imageButtonTop\"\n\t\t>\n\t\t\t<svg xmlns=\"http:\/\/www.w3.org\/2000\/svg\" width=\"12\" height=\"12\" fill=\"none\" viewBox=\"0 0 12 12\">\n\t\t\t\t<path fill=\"#fff\" d=\"M2 0a2 2 0 0 0-2 2v2h1.5V2a.5.5 0 0 1 .5-.5h2V0H2Zm2 10.5H2a.5.5 0 0 1-.5-.5V8H0v2a2 2 0 0 0 2 2h2v-1.5ZM8 12v-1.5h2a.5.5 0 0 0 .5-.5V8H12v2a2 2 0 0 1-2 2H8Zm2-12a2 2 0 0 1 2 2v2h-1.5V2a.5.5 0 0 0-.5-.5H8V0h2Z\" \/>\n\t\t\t<\/svg>\n\t\t<\/button><\/figure>\n\n\n\n<figure data-wp-context=\"{&quot;imageId&quot;:&quot;69fe175d36cff&quot;}\" data-wp-interactive=\"core\/image\" data-wp-key=\"69fe175d36cff\" class=\"wp-block-image size-large wp-lightbox-container\"><img loading=\"lazy\" decoding=\"async\" width=\"769\" height=\"1024\" data-wp-class--hide=\"state.isContentHidden\" data-wp-class--show=\"state.isContentVisible\" data-wp-init=\"callbacks.setButtonStyles\" data-wp-on--click=\"actions.showLightbox\" data-wp-on--load=\"callbacks.setButtonStyles\" data-wp-on-window--resize=\"callbacks.setButtonStyles\" data-id=\"142\" src=\"https:\/\/www.sthuolto.fi\/wp-content\/uploads\/2025\/01\/IMG_20220427_201425-769x1024.jpg\" alt=\"\" class=\"wp-image-142\" srcset=\"https:\/\/www.sthuolto.fi\/wp-content\/uploads\/2025\/01\/IMG_20220427_201425-769x1024.jpg 769w, https:\/\/www.sthuolto.fi\/wp-content\/uploads\/2025\/01\/IMG_20220427_201425-225x300.jpg 225w, https:\/\/www.sthuolto.fi\/wp-content\/uploads\/2025\/01\/IMG_20220427_201425-768x1023.jpg 768w, https:\/\/www.sthuolto.fi\/wp-content\/uploads\/2025\/01\/IMG_20220427_201425-1153x1536.jpg 1153w, https:\/\/www.sthuolto.fi\/wp-content\/uploads\/2025\/01\/IMG_20220427_201425-1538x2048.jpg 1538w, https:\/\/www.sthuolto.fi\/wp-content\/uploads\/2025\/01\/IMG_20220427_201425-scaled.jpg 1922w\" sizes=\"auto, (max-width: 769px) 100vw, 769px\" \/><button\n\t\t\tclass=\"lightbox-trigger\"\n\t\t\ttype=\"button\"\n\t\t\taria-haspopup=\"dialog\"\n\t\t\taria-label=\"Suurenna\"\n\t\t\tdata-wp-init=\"callbacks.initTriggerButton\"\n\t\t\tdata-wp-on--click=\"actions.showLightbox\"\n\t\t\tdata-wp-style--right=\"state.imageButtonRight\"\n\t\t\tdata-wp-style--top=\"state.imageButtonTop\"\n\t\t>\n\t\t\t<svg xmlns=\"http:\/\/www.w3.org\/2000\/svg\" width=\"12\" height=\"12\" fill=\"none\" viewBox=\"0 0 12 12\">\n\t\t\t\t<path fill=\"#fff\" d=\"M2 0a2 2 0 0 0-2 2v2h1.5V2a.5.5 0 0 1 .5-.5h2V0H2Zm2 10.5H2a.5.5 0 0 1-.5-.5V8H0v2a2 2 0 0 0 2 2h2v-1.5ZM8 12v-1.5h2a.5.5 0 0 0 .5-.5V8H12v2a2 2 0 0 1-2 2H8Zm2-12a2 2 0 0 1 2 2v2h-1.5V2a.5.5 0 0 0-.5-.5H8V0h2Z\" \/>\n\t\t\t<\/svg>\n\t\t<\/button><\/figure>\n\n\n\n<figure data-wp-context=\"{&quot;imageId&quot;:&quot;69fe175d37449&quot;}\" data-wp-interactive=\"core\/image\" data-wp-key=\"69fe175d37449\" class=\"wp-block-image size-large wp-lightbox-container\"><img loading=\"lazy\" decoding=\"async\" width=\"768\" height=\"1024\" data-wp-class--hide=\"state.isContentHidden\" data-wp-class--show=\"state.isContentVisible\" data-wp-init=\"callbacks.setButtonStyles\" data-wp-on--click=\"actions.showLightbox\" data-wp-on--load=\"callbacks.setButtonStyles\" data-wp-on-window--resize=\"callbacks.setButtonStyles\" data-id=\"140\" src=\"https:\/\/www.sthuolto.fi\/wp-content\/uploads\/2025\/01\/20231012_095808-768x1024.jpg\" alt=\"\" class=\"wp-image-140\" srcset=\"https:\/\/www.sthuolto.fi\/wp-content\/uploads\/2025\/01\/20231012_095808-768x1024.jpg 768w, https:\/\/www.sthuolto.fi\/wp-content\/uploads\/2025\/01\/20231012_095808-225x300.jpg 225w, https:\/\/www.sthuolto.fi\/wp-content\/uploads\/2025\/01\/20231012_095808-1152x1536.jpg 1152w, https:\/\/www.sthuolto.fi\/wp-content\/uploads\/2025\/01\/20231012_095808-1536x2048.jpg 1536w, https:\/\/www.sthuolto.fi\/wp-content\/uploads\/2025\/01\/20231012_095808-scaled.jpg 1920w\" sizes=\"auto, (max-width: 768px) 100vw, 768px\" \/><button\n\t\t\tclass=\"lightbox-trigger\"\n\t\t\ttype=\"button\"\n\t\t\taria-haspopup=\"dialog\"\n\t\t\taria-label=\"Suurenna\"\n\t\t\tdata-wp-init=\"callbacks.initTriggerButton\"\n\t\t\tdata-wp-on--click=\"actions.showLightbox\"\n\t\t\tdata-wp-style--right=\"state.imageButtonRight\"\n\t\t\tdata-wp-style--top=\"state.imageButtonTop\"\n\t\t>\n\t\t\t<svg xmlns=\"http:\/\/www.w3.org\/2000\/svg\" width=\"12\" height=\"12\" fill=\"none\" viewBox=\"0 0 12 12\">\n\t\t\t\t<path fill=\"#fff\" d=\"M2 0a2 2 0 0 0-2 2v2h1.5V2a.5.5 0 0 1 .5-.5h2V0H2Zm2 10.5H2a.5.5 0 0 1-.5-.5V8H0v2a2 2 0 0 0 2 2h2v-1.5ZM8 12v-1.5h2a.5.5 0 0 0 .5-.5V8H12v2a2 2 0 0 1-2 2H8Zm2-12a2 2 0 0 1 2 2v2h-1.5V2a.5.5 0 0 0-.5-.5H8V0h2Z\" \/>\n\t\t\t<\/svg>\n\t\t<\/button><\/figure>\n\n\n\n<figure data-wp-context=\"{&quot;imageId&quot;:&quot;69fe175d37ae3&quot;}\" data-wp-interactive=\"core\/image\" data-wp-key=\"69fe175d37ae3\" class=\"wp-block-image size-large wp-lightbox-container\"><img loading=\"lazy\" decoding=\"async\" width=\"768\" height=\"1024\" data-wp-class--hide=\"state.isContentHidden\" data-wp-class--show=\"state.isContentVisible\" data-wp-init=\"callbacks.setButtonStyles\" data-wp-on--click=\"actions.showLightbox\" data-wp-on--load=\"callbacks.setButtonStyles\" data-wp-on-window--resize=\"callbacks.setButtonStyles\" data-id=\"141\" src=\"https:\/\/www.sthuolto.fi\/wp-content\/uploads\/2025\/01\/20220805_172237-768x1024.jpg\" alt=\"\" class=\"wp-image-141\" srcset=\"https:\/\/www.sthuolto.fi\/wp-content\/uploads\/2025\/01\/20220805_172237-768x1024.jpg 768w, https:\/\/www.sthuolto.fi\/wp-content\/uploads\/2025\/01\/20220805_172237-225x300.jpg 225w, https:\/\/www.sthuolto.fi\/wp-content\/uploads\/2025\/01\/20220805_172237-1152x1536.jpg 1152w, https:\/\/www.sthuolto.fi\/wp-content\/uploads\/2025\/01\/20220805_172237-1536x2048.jpg 1536w, https:\/\/www.sthuolto.fi\/wp-content\/uploads\/2025\/01\/20220805_172237-scaled.jpg 1920w\" sizes=\"auto, (max-width: 768px) 100vw, 768px\" \/><button\n\t\t\tclass=\"lightbox-trigger\"\n\t\t\ttype=\"button\"\n\t\t\taria-haspopup=\"dialog\"\n\t\t\taria-label=\"Suurenna\"\n\t\t\tdata-wp-init=\"callbacks.initTriggerButton\"\n\t\t\tdata-wp-on--click=\"actions.showLightbox\"\n\t\t\tdata-wp-style--right=\"state.imageButtonRight\"\n\t\t\tdata-wp-style--top=\"state.imageButtonTop\"\n\t\t>\n\t\t\t<svg xmlns=\"http:\/\/www.w3.org\/2000\/svg\" width=\"12\" height=\"12\" fill=\"none\" viewBox=\"0 0 12 12\">\n\t\t\t\t<path fill=\"#fff\" d=\"M2 0a2 2 0 0 0-2 2v2h1.5V2a.5.5 0 0 1 .5-.5h2V0H2Zm2 10.5H2a.5.5 0 0 1-.5-.5V8H0v2a2 2 0 0 0 2 2h2v-1.5ZM8 12v-1.5h2a.5.5 0 0 0 .5-.5V8H12v2a2 2 0 0 1-2 2H8Zm2-12a2 2 0 0 1 2 2v2h-1.5V2a.5.5 0 0 0-.5-.5H8V0h2Z\" \/>\n\t\t\t<\/svg>\n\t\t<\/button><\/figure>\n<\/figure>\n","protected":false},"excerpt":{"rendered":"<p>Esimerkkej\u00e4 suoritetuista t\u00f6ist\u00e4<\/p>\n","protected":false},"author":1,"featured_media":0,"parent":0,"menu_order":0,"comment_status":"closed","ping_status":"closed","template":"","meta":{"footnotes":""},"class_list":["post-81","page","type-page","status-publish","hentry"],"_links":{"self":[{"href":"https:\/\/www.sthuolto.fi\/index.php?rest_route=\/wp\/v2\/pages\/81","targetHints":{"allow":["GET"]}}],"collection":[{"href":"https:\/\/www.sthuolto.fi\/index.php?rest_route=\/wp\/v2\/pages"}],"about":[{"href":"https:\/\/www.sthuolto.fi\/index.php?rest_route=\/wp\/v2\/types\/page"}],"author":[{"embeddable":true,"href":"https:\/\/www.sthuolto.fi\/index.php?rest_route=\/wp\/v2\/users\/1"}],"replies":[{"embeddable":true,"href":"https:\/\/www.sthuolto.fi\/index.php?rest_route=%2Fwp%2Fv2%2Fcomments&post=81"}],"version-history":[{"count":6,"href":"https:\/\/www.sthuolto.fi\/index.php?rest_route=\/wp\/v2\/pages\/81\/revisions"}],"predecessor-version":[{"id":164,"href":"https:\/\/www.sthuolto.fi\/index.php?rest_route=\/wp\/v2\/pages\/81\/revisions\/164"}],"wp:attachment":[{"href":"https:\/\/www.sthuolto.fi\/index.php?rest_route=%2Fwp%2Fv2%2Fmedia&parent=81"}],"curies":[{"name":"wp","href":"https:\/\/api.w.org\/{rel}","templated":true}]}}