{"id":42,"date":"2024-11-19T10:57:31","date_gmt":"2024-11-19T10:57:31","guid":{"rendered":"https:\/\/www.sthuolto.fi\/?page_id=42"},"modified":"2025-01-14T13:01:06","modified_gmt":"2025-01-14T13:01:06","slug":"yritys2","status":"publish","type":"page","link":"https:\/\/www.sthuolto.fi\/?page_id=42","title":{"rendered":"Yritys"},"content":{"rendered":"\n<p>ST Huolto on Savon alueella toimiva vuonna 2021 perustettu yhden miehen teollisuusalan yritys.<\/p>\n\n\n\n<figure class=\"wp-block-pullquote\"><blockquote><p><strong>Osaamisalaani ovat monenlaiset ter\u00e4srakenteet, putkistot, maansiirto-, maanmuokkaus -ja maatalouskoneiden korjaushitsaukset.<\/strong><\/p><\/blockquote><\/figure>\n\n\n\n<p>K\u00e4yt\u00f6ss\u00e4ni ovat yleisimm\u00e4t hitsausmenetelm\u00e4t MIG\/MAG, TIG sek\u00e4 puikko.<\/p>\n\n\n\n<p><strong>Alihankinta<\/strong><\/p>\n\n\n\n<p>Alihankintaty\u00f6t onnistuvat joustavasti niin omalla pajalla kuin asiakkaankin tiloissa. Vuosien kokemus putkistojen valmistuksesta l\u00e4mm\u00f6njakokeskuksiin &#8211; my\u00f6s ruostumattomat ja haponkest\u00e4v\u00e4t.<\/p>\n\n\n\n<p><strong>Maastohitsaus- ja asennus<\/strong><\/p>\n\n\n\n<p>Yll\u00e4 mainitut ty\u00f6t hoituvat my\u00f6s siell\u00e4 minne s\u00e4hk\u00f6verkko ei ulotu. Maastokelpoinen ty\u00f6auto on varusteltu aggregaatilla, Kempin puikkohitsauslaitteella, polttoleikkauskalustolla sek\u00e4 kattavalla ty\u00f6kaluvalikoimalla.<\/p>\n\n\n\n<p>Ty\u00f6kohteita voivat olla esimerkiksi maatalous, mets\u00e4teollisuus ja maansiirto.<\/p>\n\n\n\n<p><\/p>\n\n\n\n<p><\/p>\n","protected":false},"excerpt":{"rendered":"<p>ST Huolto on Savon alueella toimiva vuonna 2021 perustettu yhden miehen teollisuusalan yritys. Osaamisalaani ovat monenlaiset ter\u00e4srakenteet, putkistot, maansiirto-, maanmuokkaus -ja maatalouskoneiden korjaushitsaukset. K\u00e4yt\u00f6ss\u00e4ni ovat&hellip;<\/p>\n","protected":false},"author":1,"featured_media":0,"parent":0,"menu_order":0,"comment_status":"closed","ping_status":"closed","template":"","meta":{"footnotes":""},"class_list":["post-42","page","type-page","status-publish","hentry"],"_links":{"self":[{"href":"https:\/\/www.sthuolto.fi\/index.php?rest_route=\/wp\/v2\/pages\/42","targetHints":{"allow":["GET"]}}],"collection":[{"href":"https:\/\/www.sthuolto.fi\/index.php?rest_route=\/wp\/v2\/pages"}],"about":[{"href":"https:\/\/www.sthuolto.fi\/index.php?rest_route=\/wp\/v2\/types\/page"}],"author":[{"embeddable":true,"href":"https:\/\/www.sthuolto.fi\/index.php?rest_route=\/wp\/v2\/users\/1"}],"replies":[{"embeddable":true,"href":"https:\/\/www.sthuolto.fi\/index.php?rest_route=%2Fwp%2Fv2%2Fcomments&post=42"}],"version-history":[{"count":12,"href":"https:\/\/www.sthuolto.fi\/index.php?rest_route=\/wp\/v2\/pages\/42\/revisions"}],"predecessor-version":[{"id":153,"href":"https:\/\/www.sthuolto.fi\/index.php?rest_route=\/wp\/v2\/pages\/42\/revisions\/153"}],"wp:attachment":[{"href":"https:\/\/www.sthuolto.fi\/index.php?rest_route=%2Fwp%2Fv2%2Fmedia&parent=42"}],"curies":[{"name":"wp","href":"https:\/\/api.w.org\/{rel}","templated":true}]}}